{"id":1173,"date":"2025-08-10T11:42:33","date_gmt":"2025-08-10T09:42:33","guid":{"rendered":"https:\/\/maisondelamusiquemarsilly.fr\/?page_id=1173"},"modified":"2025-08-27T20:48:48","modified_gmt":"2025-08-27T18:48:48","slug":"vincent-perrotin","status":"publish","type":"page","link":"https:\/\/maisondelamusiquemarsilly.fr\/?page_id=1173","title":{"rendered":"VINCENT PERROTIN"},"content":{"rendered":"\n<p>Alors en moyenne section de maternelle \u00e0 l&rsquo;\u00e9cole de Marsilly, Je decouvre la contrebasse \u00e0 l&rsquo;\u00e2ge de 5 ans au CNR de La Rochelle qui m&rsquo;accompagnera durant toute ma scolarit\u00e9. J&rsquo;ai int\u00e9gr\u00e9 ensuite le Conservatoire National de Paris. J&rsquo;obtient ensuite une licence et part \u00e9tudier en Master \u00e0 l&rsquo;universit\u00e9 de de musique et d&rsquo;art vivant de Vienne en Autriche. Je pratique \u00e9galement le saxophone et le piano. J&rsquo;ai commenc\u00e9 mon parcours professionel \u00e0 l&rsquo;op\u00e9ra de Vienne au sein de l&rsquo;orchestre philarmonique de Vienne. Aujourd&rsquo;hui, entour\u00e9 de mes amis, Pierre et Valentin, je souhaite partager ma passion et la partager. C&rsquo;est pourquoi avec mon association Conte Rendu Musical, nous avons cr\u00e9\u00e9 en 2025 le premier festival de musique classique \u00e0 Marsilly, en collaboration avec l&rsquo;\u00e9cole \u00e9l\u00e9mentaire Jean Ferrat. Cette ann\u00e9e je rejoins la maison de la musique, partenaire de notre projet, afin d&rsquo;y enseigner le saxophone ainsi que les instruments \u00e0 cordes frott\u00e9es (Violon, violoncelle, contrebasse).<\/p>\n","protected":false},"excerpt":{"rendered":"<p>Alors en moyenne section de maternelle \u00e0 l&rsquo;\u00e9cole de Marsilly, Je decouvre la contrebasse \u00e0 l&rsquo;\u00e2ge de 5 ans au &hellip; <a href=\"https:\/\/maisondelamusiquemarsilly.fr\/?page_id=1173\" class=\"more-link\"><span class=\"more-button\">Continue Reading<span class=\"screen-reader-text\">VINCENT PERROTIN<\/span><\/span><\/a><\/p>\n","protected":false},"author":1,"featured_media":0,"parent":0,"menu_order":0,"comment_status":"closed","ping_status":"closed","template":"","meta":{"_monsterinsights_skip_tracking":false,"_monsterinsights_sitenote_active":false,"_monsterinsights_sitenote_note":"","_monsterinsights_sitenote_category":0,"footnotes":""},"class_list":["post-1173","page","type-page","status-publish","hentry"],"aioseo_notices":[],"_links":{"self":[{"href":"https:\/\/maisondelamusiquemarsilly.fr\/index.php?rest_route=\/wp\/v2\/pages\/1173","targetHints":{"allow":["GET"]}}],"collection":[{"href":"https:\/\/maisondelamusiquemarsilly.fr\/index.php?rest_route=\/wp\/v2\/pages"}],"about":[{"href":"https:\/\/maisondelamusiquemarsilly.fr\/index.php?rest_route=\/wp\/v2\/types\/page"}],"author":[{"embeddable":true,"href":"https:\/\/maisondelamusiquemarsilly.fr\/index.php?rest_route=\/wp\/v2\/users\/1"}],"replies":[{"embeddable":true,"href":"https:\/\/maisondelamusiquemarsilly.fr\/index.php?rest_route=%2Fwp%2Fv2%2Fcomments&post=1173"}],"version-history":[{"count":2,"href":"https:\/\/maisondelamusiquemarsilly.fr\/index.php?rest_route=\/wp\/v2\/pages\/1173\/revisions"}],"predecessor-version":[{"id":1277,"href":"https:\/\/maisondelamusiquemarsilly.fr\/index.php?rest_route=\/wp\/v2\/pages\/1173\/revisions\/1277"}],"wp:attachment":[{"href":"https:\/\/maisondelamusiquemarsilly.fr\/index.php?rest_route=%2Fwp%2Fv2%2Fmedia&parent=1173"}],"curies":[{"name":"wp","href":"https:\/\/api.w.org\/{rel}","templated":true}]}}