{"id":1182,"date":"2025-08-10T11:50:43","date_gmt":"2025-08-10T09:50:43","guid":{"rendered":"https:\/\/maisondelamusiquemarsilly.fr\/?page_id=1182"},"modified":"2025-08-27T20:12:06","modified_gmt":"2025-08-27T18:12:06","slug":"paul-quiviger","status":"publish","type":"page","link":"https:\/\/maisondelamusiquemarsilly.fr\/?page_id=1182","title":{"rendered":"PAUL QUIVIGER"},"content":{"rendered":"\n<p>Actuellement en cycle 3 au CNR (Conservatoire Nationale) de La Rochelle, j&rsquo;ai commenc\u00e9 la guitare de mani\u00e8re autodidacte \u00e0 l&rsquo;\u00e2ge de 8 ans. J&rsquo;ai choisi la guitare car c&rsquo;est un instrument polyphonique (donc autonome) et facilement transportable. \u00ab\u00a0On peut jouer partout avec une guitare\u00a0\u00bb. J&rsquo;aime \u00e9galement jouer en soliste. A 17 ans, j&rsquo;avais l&rsquo;impression d&rsquo;avoir atteint un plafond et j&rsquo;ai voulu approfondir ma pratique de guitare classique. C&rsquo;est pourquoi je suis rentr\u00e9e tardivement au Conservatoire. Passionn\u00e9 et pers\u00e9v\u00e9rant, j&rsquo;ai tr\u00e8s vite atteint le cycle 3. Depuis 2024 j,&rsquo;ai int\u00e9gr\u00e9 la Maison de la musique Marsilly afin de partager ma passion pour la guitare classique aupr\u00e8s des \u00e9l\u00e8ves. Apr\u00e8s une exp\u00e9rience d&rsquo;un an, guid\u00e9 dans mes premiers pas par ma professeure B\u00e9atrice Moresco, j&rsquo;ai pris plaisir \u00e0 me lancer dans la p\u00e9dagogie et souhaite poursuivre mon engagement dans une \u00e9quipe bienveillante et humaine.<\/p>\n","protected":false},"excerpt":{"rendered":"<p>Actuellement en cycle 3 au CNR (Conservatoire Nationale) de La Rochelle, j&rsquo;ai commenc\u00e9 la guitare de mani\u00e8re autodidacte \u00e0 l&rsquo;\u00e2ge &hellip; <a href=\"https:\/\/maisondelamusiquemarsilly.fr\/?page_id=1182\" class=\"more-link\"><span class=\"more-button\">Continue Reading<span class=\"screen-reader-text\">PAUL QUIVIGER<\/span><\/span><\/a><\/p>\n","protected":false},"author":1,"featured_media":0,"parent":0,"menu_order":0,"comment_status":"closed","ping_status":"closed","template":"","meta":{"_monsterinsights_skip_tracking":false,"_monsterinsights_sitenote_active":false,"_monsterinsights_sitenote_note":"","_monsterinsights_sitenote_category":0,"footnotes":""},"class_list":["post-1182","page","type-page","status-publish","hentry"],"aioseo_notices":[],"_links":{"self":[{"href":"https:\/\/maisondelamusiquemarsilly.fr\/index.php?rest_route=\/wp\/v2\/pages\/1182","targetHints":{"allow":["GET"]}}],"collection":[{"href":"https:\/\/maisondelamusiquemarsilly.fr\/index.php?rest_route=\/wp\/v2\/pages"}],"about":[{"href":"https:\/\/maisondelamusiquemarsilly.fr\/index.php?rest_route=\/wp\/v2\/types\/page"}],"author":[{"embeddable":true,"href":"https:\/\/maisondelamusiquemarsilly.fr\/index.php?rest_route=\/wp\/v2\/users\/1"}],"replies":[{"embeddable":true,"href":"https:\/\/maisondelamusiquemarsilly.fr\/index.php?rest_route=%2Fwp%2Fv2%2Fcomments&post=1182"}],"version-history":[{"count":3,"href":"https:\/\/maisondelamusiquemarsilly.fr\/index.php?rest_route=\/wp\/v2\/pages\/1182\/revisions"}],"predecessor-version":[{"id":1259,"href":"https:\/\/maisondelamusiquemarsilly.fr\/index.php?rest_route=\/wp\/v2\/pages\/1182\/revisions\/1259"}],"wp:attachment":[{"href":"https:\/\/maisondelamusiquemarsilly.fr\/index.php?rest_route=%2Fwp%2Fv2%2Fmedia&parent=1182"}],"curies":[{"name":"wp","href":"https:\/\/api.w.org\/{rel}","templated":true}]}}