{"id":1260,"date":"2025-08-27T20:27:06","date_gmt":"2025-08-27T18:27:06","guid":{"rendered":"https:\/\/maisondelamusiquemarsilly.fr\/?page_id=1260"},"modified":"2025-08-27T20:27:07","modified_gmt":"2025-08-27T18:27:07","slug":"babptiste-serrand","status":"publish","type":"page","link":"https:\/\/maisondelamusiquemarsilly.fr\/?page_id=1260","title":{"rendered":"BABPTISTE SERRAND"},"content":{"rendered":"\n<p>Pass\u00e9 par le Conservatoire de musiques improvis\u00e9es de Paris (C.I.M) puis la section jazz du Conservatoire du IX\u00e8me arrondissement de Paris, j&rsquo;ai avant tout re\u00e7u une formation de guitariste et de saxophoniste. Malgr\u00e9 tout, j&rsquo;ai toujous alli\u00e9 le piano \u00e0 ces deux instruments m&rsquo;\u00e9tant, comme bon nombre de musiciens de jazz, vite rendu compte de l&rsquo;immense apport p\u00e9dagogique que le piano repr\u00e9sentait dans toute \u00e9ducation musicale. Sa simplicit\u00e9 \u00e9claircit l&rsquo;esprit des musiciens en herbe que la r\u00e9cente apprentissage du langage musical qui peut sembler de prime abord complexe et fastidieux. C&rsquo;est pour cela qu&rsquo;en tant qu&rsquo;enseignant, j&rsquo;ai \u00e0 coeur de faciliter la t\u00e2che \u00e0 mes \u00e9l\u00e8ves de piano en leur faisant d\u00e9couvrir \u00e0 quel point la musique, ce n&rsquo;est pas sorcier. Une fois cette r\u00e9alit\u00e9 acquise, le codage musical pour ne pas dire \u00ab\u00a0solf\u00e8ge\u00a0\u00bb, devient un jeu d&rsquo;enfant. J&rsquo;ai \u00e0 coeur de leur faire sentir et appr\u00e9cier la sensation magique du jeu de cet instrument si riche en harmonies et pour ceux ou celles qui le souhaitent les joies de l&rsquo;improvisation. Poly-instrumentiste, je peux \u00e9galement les accompagner \u00e0 la guitare ou au saxophone afin d&rsquo;agr\u00e9menter leurs morceaux.<\/p>\n","protected":false},"excerpt":{"rendered":"<p>Pass\u00e9 par le Conservatoire de musiques improvis\u00e9es de Paris (C.I.M) puis la section jazz du Conservatoire du IX\u00e8me arrondissement de &hellip; <a href=\"https:\/\/maisondelamusiquemarsilly.fr\/?page_id=1260\" class=\"more-link\"><span class=\"more-button\">Continue Reading<span class=\"screen-reader-text\">BABPTISTE SERRAND<\/span><\/span><\/a><\/p>\n","protected":false},"author":1,"featured_media":0,"parent":0,"menu_order":0,"comment_status":"closed","ping_status":"closed","template":"","meta":{"_monsterinsights_skip_tracking":false,"_monsterinsights_sitenote_active":false,"_monsterinsights_sitenote_note":"","_monsterinsights_sitenote_category":0,"footnotes":""},"class_list":["post-1260","page","type-page","status-publish","hentry"],"aioseo_notices":[],"_links":{"self":[{"href":"https:\/\/maisondelamusiquemarsilly.fr\/index.php?rest_route=\/wp\/v2\/pages\/1260","targetHints":{"allow":["GET"]}}],"collection":[{"href":"https:\/\/maisondelamusiquemarsilly.fr\/index.php?rest_route=\/wp\/v2\/pages"}],"about":[{"href":"https:\/\/maisondelamusiquemarsilly.fr\/index.php?rest_route=\/wp\/v2\/types\/page"}],"author":[{"embeddable":true,"href":"https:\/\/maisondelamusiquemarsilly.fr\/index.php?rest_route=\/wp\/v2\/users\/1"}],"replies":[{"embeddable":true,"href":"https:\/\/maisondelamusiquemarsilly.fr\/index.php?rest_route=%2Fwp%2Fv2%2Fcomments&post=1260"}],"version-history":[{"count":1,"href":"https:\/\/maisondelamusiquemarsilly.fr\/index.php?rest_route=\/wp\/v2\/pages\/1260\/revisions"}],"predecessor-version":[{"id":1261,"href":"https:\/\/maisondelamusiquemarsilly.fr\/index.php?rest_route=\/wp\/v2\/pages\/1260\/revisions\/1261"}],"wp:attachment":[{"href":"https:\/\/maisondelamusiquemarsilly.fr\/index.php?rest_route=%2Fwp%2Fv2%2Fmedia&parent=1260"}],"curies":[{"name":"wp","href":"https:\/\/api.w.org\/{rel}","templated":true}]}}