{"id":137,"date":"2020-09-22T14:42:24","date_gmt":"2020-09-22T12:42:24","guid":{"rendered":"http:\/\/maisondelamusiquemarsilly.fr\/?page_id=137"},"modified":"2020-09-22T14:46:41","modified_gmt":"2020-09-22T12:46:41","slug":"guillaume-roquier","status":"publish","type":"page","link":"https:\/\/maisondelamusiquemarsilly.fr\/?page_id=137","title":{"rendered":"GUILLAUME ROQUIER"},"content":{"rendered":"\n<div class=\"wp-block-image\"><figure class=\"aligncenter is-resized\"><img fetchpriority=\"high\" decoding=\"async\" src=\"http:\/\/maisondelamusiquemarsilly.fr\/wp-content\/uploads\/2020\/09\/70381446_10217695475050546_7417710422033170432_n-1.jpg\" alt=\"\" class=\"wp-image-138\" width=\"391\" height=\"391\" srcset=\"https:\/\/maisondelamusiquemarsilly.fr\/wp-content\/uploads\/2020\/09\/70381446_10217695475050546_7417710422033170432_n-1.jpg 320w, https:\/\/maisondelamusiquemarsilly.fr\/wp-content\/uploads\/2020\/09\/70381446_10217695475050546_7417710422033170432_n-1-150x150.jpg 150w, https:\/\/maisondelamusiquemarsilly.fr\/wp-content\/uploads\/2020\/09\/70381446_10217695475050546_7417710422033170432_n-1-300x300.jpg 300w, https:\/\/maisondelamusiquemarsilly.fr\/wp-content\/uploads\/2020\/09\/70381446_10217695475050546_7417710422033170432_n-1-100x100.jpg 100w\" sizes=\"(max-width: 391px) 100vw, 391px\" \/><\/figure><\/div>\n\n\n\n<p style=\"text-align:center\">Intervenant musical depuis 2011, Guillaume enseigne aujourd&rsquo;hui la guitare pour deux Associations (La Mi Nieul Musique \u00e0 Nieul Sur Mer, Les Familles Rurales de Bourgneuf), dirige deux chorales (Le Jean-Baptiste \u00e0 Chaille Les Marais, Les Voix de La Margelle \u00e0 Salles Sur Mer).<\/p>\n\n\n\n<p style=\"text-align:center\">Il intervient \u00e9galement de temps en temps sur des cr\u00e8ches, \u00e9coles&#8230;<\/p>\n","protected":false},"excerpt":{"rendered":"<p>Intervenant musical depuis 2011, Guillaume enseigne aujourd&rsquo;hui la guitare pour deux Associations (La Mi Nieul Musique \u00e0 Nieul Sur Mer, &hellip; <a href=\"https:\/\/maisondelamusiquemarsilly.fr\/?page_id=137\" class=\"more-link\"><span class=\"more-button\">Continue Reading<span class=\"screen-reader-text\">GUILLAUME ROQUIER<\/span><\/span><\/a><\/p>\n","protected":false},"author":1,"featured_media":149,"parent":0,"menu_order":0,"comment_status":"closed","ping_status":"closed","template":"","meta":{"_monsterinsights_skip_tracking":false,"_monsterinsights_sitenote_active":false,"_monsterinsights_sitenote_note":"","_monsterinsights_sitenote_category":0,"footnotes":""},"class_list":["post-137","page","type-page","status-publish","has-post-thumbnail","hentry"],"aioseo_notices":[],"_links":{"self":[{"href":"https:\/\/maisondelamusiquemarsilly.fr\/index.php?rest_route=\/wp\/v2\/pages\/137","targetHints":{"allow":["GET"]}}],"collection":[{"href":"https:\/\/maisondelamusiquemarsilly.fr\/index.php?rest_route=\/wp\/v2\/pages"}],"about":[{"href":"https:\/\/maisondelamusiquemarsilly.fr\/index.php?rest_route=\/wp\/v2\/types\/page"}],"author":[{"embeddable":true,"href":"https:\/\/maisondelamusiquemarsilly.fr\/index.php?rest_route=\/wp\/v2\/users\/1"}],"replies":[{"embeddable":true,"href":"https:\/\/maisondelamusiquemarsilly.fr\/index.php?rest_route=%2Fwp%2Fv2%2Fcomments&post=137"}],"version-history":[{"count":2,"href":"https:\/\/maisondelamusiquemarsilly.fr\/index.php?rest_route=\/wp\/v2\/pages\/137\/revisions"}],"predecessor-version":[{"id":150,"href":"https:\/\/maisondelamusiquemarsilly.fr\/index.php?rest_route=\/wp\/v2\/pages\/137\/revisions\/150"}],"wp:featuredmedia":[{"embeddable":true,"href":"https:\/\/maisondelamusiquemarsilly.fr\/index.php?rest_route=\/wp\/v2\/media\/149"}],"wp:attachment":[{"href":"https:\/\/maisondelamusiquemarsilly.fr\/index.php?rest_route=%2Fwp%2Fv2%2Fmedia&parent=137"}],"curies":[{"name":"wp","href":"https:\/\/api.w.org\/{rel}","templated":true}]}}