{"id":156,"date":"2020-09-22T15:00:45","date_gmt":"2020-09-22T13:00:45","guid":{"rendered":"http:\/\/maisondelamusiquemarsilly.fr\/?page_id=156"},"modified":"2025-08-10T11:25:41","modified_gmt":"2025-08-10T09:25:41","slug":"vincent-mondorge","status":"publish","type":"page","link":"https:\/\/maisondelamusiquemarsilly.fr\/?page_id=156","title":{"rendered":"BRUNO TERRIERE"},"content":{"rendered":"<div class=\"wp-block-image\">\n<figure class=\"aligncenter size-large\"><img fetchpriority=\"high\" decoding=\"async\" width=\"768\" height=\"1024\" src=\"http:\/\/maisondelamusiquemarsilly.fr\/wp-content\/uploads\/2025\/08\/FullSizeRender-preview-1-768x1024.jpg\" alt=\"\" class=\"wp-image-1168\" srcset=\"https:\/\/maisondelamusiquemarsilly.fr\/wp-content\/uploads\/2025\/08\/FullSizeRender-preview-1-768x1024.jpg 768w, https:\/\/maisondelamusiquemarsilly.fr\/wp-content\/uploads\/2025\/08\/FullSizeRender-preview-1-225x300.jpg 225w, https:\/\/maisondelamusiquemarsilly.fr\/wp-content\/uploads\/2025\/08\/FullSizeRender-preview-1.jpg 969w\" sizes=\"(max-width: 768px) 100vw, 768px\" \/><figcaption class=\"wp-element-caption\">BRUNO TERRIERE &#8211; PIANO CLASSIQUE-JAZZ<\/figcaption><\/figure><\/div>\n\n\n<p>Dilp\u00f4m\u00e9 du Conservatoire de R\u00e9gion Francis Poulenc de Tours, je suis pianiste classique et jazz et accompagne plusieurs formation depuis de nombreuses ann\u00e9es. Je pratique \u00e9galement l&rsquo;enseignement du piano au sein de diff\u00e9rentes structures (lyc\u00e9e, coll\u00e8ge, conservatoire).<\/p>\n","protected":false},"excerpt":{"rendered":"<p>Dilp\u00f4m\u00e9 du Conservatoire de R\u00e9gion Francis Poulenc de Tours, je suis pianiste classique et jazz et accompagne plusieurs formation depuis &hellip; <a href=\"https:\/\/maisondelamusiquemarsilly.fr\/?page_id=156\" class=\"more-link\"><span class=\"more-button\">Continue Reading<span class=\"screen-reader-text\">BRUNO TERRIERE<\/span><\/span><\/a><\/p>\n","protected":false},"author":1,"featured_media":157,"parent":0,"menu_order":0,"comment_status":"closed","ping_status":"closed","template":"","meta":{"_monsterinsights_skip_tracking":false,"_monsterinsights_sitenote_active":false,"_monsterinsights_sitenote_note":"","_monsterinsights_sitenote_category":0,"footnotes":""},"class_list":["post-156","page","type-page","status-publish","has-post-thumbnail","hentry"],"aioseo_notices":[],"_links":{"self":[{"href":"https:\/\/maisondelamusiquemarsilly.fr\/index.php?rest_route=\/wp\/v2\/pages\/156","targetHints":{"allow":["GET"]}}],"collection":[{"href":"https:\/\/maisondelamusiquemarsilly.fr\/index.php?rest_route=\/wp\/v2\/pages"}],"about":[{"href":"https:\/\/maisondelamusiquemarsilly.fr\/index.php?rest_route=\/wp\/v2\/types\/page"}],"author":[{"embeddable":true,"href":"https:\/\/maisondelamusiquemarsilly.fr\/index.php?rest_route=\/wp\/v2\/users\/1"}],"replies":[{"embeddable":true,"href":"https:\/\/maisondelamusiquemarsilly.fr\/index.php?rest_route=%2Fwp%2Fv2%2Fcomments&post=156"}],"version-history":[{"count":3,"href":"https:\/\/maisondelamusiquemarsilly.fr\/index.php?rest_route=\/wp\/v2\/pages\/156\/revisions"}],"predecessor-version":[{"id":1169,"href":"https:\/\/maisondelamusiquemarsilly.fr\/index.php?rest_route=\/wp\/v2\/pages\/156\/revisions\/1169"}],"wp:featuredmedia":[{"embeddable":true,"href":"https:\/\/maisondelamusiquemarsilly.fr\/index.php?rest_route=\/wp\/v2\/media\/157"}],"wp:attachment":[{"href":"https:\/\/maisondelamusiquemarsilly.fr\/index.php?rest_route=%2Fwp%2Fv2%2Fmedia&parent=156"}],"curies":[{"name":"wp","href":"https:\/\/api.w.org\/{rel}","templated":true}]}}