{"id":28,"date":"2020-08-26T16:50:20","date_gmt":"2020-08-26T14:50:20","guid":{"rendered":"http:\/\/maisondelamusiquemarsilly.fr\/?page_id=28"},"modified":"2025-08-29T11:31:47","modified_gmt":"2025-08-29T09:31:47","slug":"accueil","status":"publish","type":"page","link":"https:\/\/maisondelamusiquemarsilly.fr\/","title":{"rendered":"ACCUEIL"},"content":{"rendered":"\t\t<div data-elementor-type=\"wp-page\" data-elementor-id=\"28\" class=\"elementor elementor-28\">\n\t\t\t\t\t\t<section class=\"elementor-section elementor-top-section elementor-element elementor-element-18d86e6a elementor-section-boxed elementor-section-height-default elementor-section-height-default wpr-particle-no wpr-jarallax-no wpr-parallax-no wpr-sticky-section-no\" data-id=\"18d86e6a\" data-element_type=\"section\">\n\t\t\t\t\t\t<div class=\"elementor-container elementor-column-gap-default\">\n\t\t\t\t\t<div class=\"elementor-column elementor-col-100 elementor-top-column elementor-element elementor-element-327b176\" data-id=\"327b176\" data-element_type=\"column\">\n\t\t\t<div class=\"elementor-widget-wrap elementor-element-populated\">\n\t\t\t\t\t\t<div class=\"elementor-element elementor-element-18c8c0c elementor-widget elementor-widget-heading\" data-id=\"18c8c0c\" data-element_type=\"widget\" data-widget_type=\"heading.default\">\n\t\t\t\t<div class=\"elementor-widget-container\">\n\t\t\t\t\t<h2 class=\"elementor-heading-title elementor-size-small\"><h1 style=\"text-align: center\"><span>BIENVENUE AUX MELOMANES ; PETITS &amp; GRANDS !<\/span><\/h1><div><h2 style=\"margin-top: 56px\"><span>LIEU INTERG\u00c9N\u00c9RATIONNEL O\u00d9 R\u00c8GNE LA PASSION POUR LA MUSIQUE.<\/span><\/h2><h2><span>0% PR\u00c9-REQUIS<\/span><\/h2><h2><span>100% ECHANGE ET PARTAGE<\/span><\/h2><\/div><\/h2>\t\t\t\t<\/div>\n\t\t\t\t<\/div>\n\t\t\t\t<div class=\"elementor-element elementor-element-df52483 elementor-invisible elementor-widget elementor-widget-text-editor\" data-id=\"df52483\" data-element_type=\"widget\" data-settings=\"{&quot;_animation&quot;:&quot;fadeInRight&quot;}\" data-widget_type=\"text-editor.default\">\n\t\t\t\t<div class=\"elementor-widget-container\">\n\t\t\t\t\t\t\t\t\t<p>\u00ab\u00a0If the music is the food of love, play on !<\/p>\t\t\t\t\t\t\t\t<\/div>\n\t\t\t\t<\/div>\n\t\t\t\t<div class=\"elementor-element elementor-element-4f95325 elementor-widget elementor-widget-image\" data-id=\"4f95325\" data-element_type=\"widget\" data-widget_type=\"image.default\">\n\t\t\t\t<div class=\"elementor-widget-container\">\n\t\t\t\t\t\t\t\t\t\t\t\t\t\t\t<img fetchpriority=\"high\" decoding=\"async\" width=\"1024\" height=\"683\" src=\"https:\/\/maisondelamusiquemarsilly.fr\/wp-content\/uploads\/2023\/08\/DSC_6756-HDTV-1080-1024x683.jpg\" class=\"attachment-large size-large wp-image-832\" alt=\"\" srcset=\"https:\/\/maisondelamusiquemarsilly.fr\/wp-content\/uploads\/2023\/08\/DSC_6756-HDTV-1080-1024x683.jpg 1024w, https:\/\/maisondelamusiquemarsilly.fr\/wp-content\/uploads\/2023\/08\/DSC_6756-HDTV-1080-300x200.jpg 300w, https:\/\/maisondelamusiquemarsilly.fr\/wp-content\/uploads\/2023\/08\/DSC_6756-HDTV-1080-768x512.jpg 768w, https:\/\/maisondelamusiquemarsilly.fr\/wp-content\/uploads\/2023\/08\/DSC_6756-HDTV-1080-1536x1024.jpg 1536w, https:\/\/maisondelamusiquemarsilly.fr\/wp-content\/uploads\/2023\/08\/DSC_6756-HDTV-1080-960x640.jpg 960w, https:\/\/maisondelamusiquemarsilly.fr\/wp-content\/uploads\/2023\/08\/DSC_6756-HDTV-1080.jpg 1620w\" sizes=\"(max-width: 1024px) 100vw, 1024px\" \/>\t\t\t\t\t\t\t\t\t\t\t\t\t\t\t<\/div>\n\t\t\t\t<\/div>\n\t\t\t\t<div class=\"elementor-element elementor-element-fa80359 elementor-widget elementor-widget-heading\" data-id=\"fa80359\" data-element_type=\"widget\" data-widget_type=\"heading.default\">\n\t\t\t\t<div class=\"elementor-widget-container\">\n\t\t\t\t\t<h2 class=\"elementor-heading-title elementor-size-default\"><pre class=\"wp-block-verse has-text-align-center\" style=\"margin-bottom: 1.55556em;padding: 1.55556em\"><h1><span>2 lieux o\u00f9 la musique r\u00e9sonne<\/span><\/h1><\/pre><\/h2>\t\t\t\t<\/div>\n\t\t\t\t<\/div>\n\t\t\t\t<section class=\"elementor-section elementor-inner-section elementor-element elementor-element-808eefa elementor-section-boxed elementor-section-height-default elementor-section-height-default wpr-particle-no wpr-jarallax-no wpr-parallax-no wpr-sticky-section-no\" data-id=\"808eefa\" data-element_type=\"section\">\n\t\t\t\t\t\t<div class=\"elementor-container elementor-column-gap-default\">\n\t\t\t\t\t<div class=\"elementor-column elementor-col-50 elementor-inner-column elementor-element elementor-element-91e300d\" data-id=\"91e300d\" data-element_type=\"column\">\n\t\t\t<div class=\"elementor-widget-wrap elementor-element-populated\">\n\t\t\t\t\t\t<div class=\"elementor-element elementor-element-3d2b9b1 elementor-widget elementor-widget-text-editor\" data-id=\"3d2b9b1\" data-element_type=\"widget\" data-widget_type=\"text-editor.default\">\n\t\t\t\t<div class=\"elementor-widget-container\">\n\t\t\t\t\t\t\t\t\t<h2 style=\"margin-top: 56px;\"><span style=\"color: #808080;\">mAISON DE LA MUSIQUE MARSILLY<\/span><\/h2>\t\t\t\t\t\t\t\t<\/div>\n\t\t\t\t<\/div>\n\t\t\t\t<div class=\"elementor-element elementor-element-d9015a4 elementor-widget elementor-widget-image\" data-id=\"d9015a4\" data-element_type=\"widget\" data-widget_type=\"image.default\">\n\t\t\t\t<div class=\"elementor-widget-container\">\n\t\t\t\t\t\t\t\t\t\t\t\t\t\t\t<img decoding=\"async\" width=\"1024\" height=\"768\" src=\"https:\/\/maisondelamusiquemarsilly.fr\/wp-content\/uploads\/2022\/07\/Emma-musique-1-1024x768.jpg\" class=\"attachment-large size-large wp-image-497\" alt=\"\" srcset=\"https:\/\/maisondelamusiquemarsilly.fr\/wp-content\/uploads\/2022\/07\/Emma-musique-1-1024x768.jpg 1024w, https:\/\/maisondelamusiquemarsilly.fr\/wp-content\/uploads\/2022\/07\/Emma-musique-1-300x225.jpg 300w, https:\/\/maisondelamusiquemarsilly.fr\/wp-content\/uploads\/2022\/07\/Emma-musique-1-768x576.jpg 768w, https:\/\/maisondelamusiquemarsilly.fr\/wp-content\/uploads\/2022\/07\/Emma-musique-1-1536x1152.jpg 1536w, https:\/\/maisondelamusiquemarsilly.fr\/wp-content\/uploads\/2022\/07\/Emma-musique-1-2048x1536.jpg 2048w, https:\/\/maisondelamusiquemarsilly.fr\/wp-content\/uploads\/2022\/07\/Emma-musique-1-440x330.jpg 440w, https:\/\/maisondelamusiquemarsilly.fr\/wp-content\/uploads\/2022\/07\/Emma-musique-1-730x547.jpg 730w\" sizes=\"(max-width: 1024px) 100vw, 1024px\" \/>\t\t\t\t\t\t\t\t\t\t\t\t\t\t\t<\/div>\n\t\t\t\t<\/div>\n\t\t\t\t\t<\/div>\n\t\t<\/div>\n\t\t\t\t<div class=\"elementor-column elementor-col-50 elementor-inner-column elementor-element elementor-element-c91fa7b\" data-id=\"c91fa7b\" data-element_type=\"column\">\n\t\t\t<div class=\"elementor-widget-wrap elementor-element-populated\">\n\t\t\t\t\t\t<div class=\"elementor-element elementor-element-f4249d9 elementor-widget elementor-widget-text-editor\" data-id=\"f4249d9\" data-element_type=\"widget\" data-widget_type=\"text-editor.default\">\n\t\t\t\t<div class=\"elementor-widget-container\">\n\t\t\t\t\t\t\t\t\t<h2 style=\"margin-top: 56px;\"><span style=\"color: rgb(128, 128, 128);\">LA MI NIEUL MUSIQUE<\/span><\/h2>\n<div><span style=\"color: rgb(128, 128, 128);\">N<\/span><\/div>\t\t\t\t\t\t\t\t<\/div>\n\t\t\t\t<\/div>\n\t\t\t\t<div class=\"elementor-element elementor-element-8a2a00e elementor-widget elementor-widget-image\" data-id=\"8a2a00e\" data-element_type=\"widget\" data-widget_type=\"image.default\">\n\t\t\t\t<div class=\"elementor-widget-container\">\n\t\t\t\t\t\t\t\t\t\t\t\t\t\t\t<img decoding=\"async\" width=\"1024\" height=\"768\" src=\"https:\/\/maisondelamusiquemarsilly.fr\/wp-content\/uploads\/2023\/09\/311164681_472172554952103_241317149739468850_n-1024x768.jpeg\" class=\"attachment-large size-large wp-image-857\" alt=\"\" srcset=\"https:\/\/maisondelamusiquemarsilly.fr\/wp-content\/uploads\/2023\/09\/311164681_472172554952103_241317149739468850_n-1024x768.jpeg 1024w, https:\/\/maisondelamusiquemarsilly.fr\/wp-content\/uploads\/2023\/09\/311164681_472172554952103_241317149739468850_n-300x225.jpeg 300w, https:\/\/maisondelamusiquemarsilly.fr\/wp-content\/uploads\/2023\/09\/311164681_472172554952103_241317149739468850_n-768x576.jpeg 768w, https:\/\/maisondelamusiquemarsilly.fr\/wp-content\/uploads\/2023\/09\/311164681_472172554952103_241317149739468850_n-1536x1152.jpeg 1536w, https:\/\/maisondelamusiquemarsilly.fr\/wp-content\/uploads\/2023\/09\/311164681_472172554952103_241317149739468850_n-440x330.jpeg 440w, https:\/\/maisondelamusiquemarsilly.fr\/wp-content\/uploads\/2023\/09\/311164681_472172554952103_241317149739468850_n-730x547.jpeg 730w, https:\/\/maisondelamusiquemarsilly.fr\/wp-content\/uploads\/2023\/09\/311164681_472172554952103_241317149739468850_n.jpeg 2048w\" sizes=\"(max-width: 1024px) 100vw, 1024px\" \/>\t\t\t\t\t\t\t\t\t\t\t\t\t\t\t<\/div>\n\t\t\t\t<\/div>\n\t\t\t\t\t<\/div>\n\t\t<\/div>\n\t\t\t\t\t<\/div>\n\t\t<\/section>\n\t\t\t\t<section class=\"elementor-section elementor-inner-section elementor-element elementor-element-fc39814 elementor-section-boxed elementor-section-height-default elementor-section-height-default wpr-particle-no wpr-jarallax-no wpr-parallax-no wpr-sticky-section-no\" data-id=\"fc39814\" data-element_type=\"section\">\n\t\t\t\t\t\t<div class=\"elementor-container elementor-column-gap-default\">\n\t\t\t\t\t<div class=\"elementor-column elementor-col-33 elementor-inner-column elementor-element elementor-element-2c9be2b\" data-id=\"2c9be2b\" data-element_type=\"column\">\n\t\t\t<div class=\"elementor-widget-wrap elementor-element-populated\">\n\t\t\t\t\t\t<div class=\"elementor-element elementor-element-1323811 elementor-view-default elementor-position-top elementor-mobile-position-top elementor-widget elementor-widget-icon-box\" data-id=\"1323811\" data-element_type=\"widget\" data-widget_type=\"icon-box.default\">\n\t\t\t\t<div class=\"elementor-widget-container\">\n\t\t\t\t\t\t\t<div class=\"elementor-icon-box-wrapper\">\n\n\t\t\t\t\t\t<div class=\"elementor-icon-box-icon\">\n\t\t\t\t<span  class=\"elementor-icon\">\n\t\t\t\t<i aria-hidden=\"true\" class=\"far fa-bell\"><\/i>\t\t\t\t<\/span>\n\t\t\t<\/div>\n\t\t\t\n\t\t\t\t\t\t<div class=\"elementor-icon-box-content\">\n\n\t\t\t\t\n\t\t\t\t\t\t\t\t\t<p class=\"elementor-icon-box-description\">\n\t\t\t\t\t\tL'actu et les \u00e9v\u00e9nements de nos deux entit\u00e9s\t\t\t\t\t<\/p>\n\t\t\t\t\n\t\t\t<\/div>\n\t\t\t\n\t\t<\/div>\n\t\t\t\t\t\t<\/div>\n\t\t\t\t<\/div>\n\t\t\t\t<div class=\"elementor-element elementor-element-01998b3 elementor-align-center elementor-widget elementor-widget-button\" data-id=\"01998b3\" data-element_type=\"widget\" data-widget_type=\"button.default\">\n\t\t\t\t<div class=\"elementor-widget-container\">\n\t\t\t\t\t\t\t\t\t<div class=\"elementor-button-wrapper\">\n\t\t\t\t\t<a class=\"elementor-button elementor-button-link elementor-size-sm elementor-animation-shrink\" href=\"http:\/\/maisondelamusiquemarsilly.fr\/?page_id=36\">\n\t\t\t\t\t\t<span class=\"elementor-button-content-wrapper\">\n\t\t\t\t\t\t\t\t\t<span class=\"elementor-button-text\">ACTUS<\/span>\n\t\t\t\t\t<\/span>\n\t\t\t\t\t<\/a>\n\t\t\t\t<\/div>\n\t\t\t\t\t\t\t\t<\/div>\n\t\t\t\t<\/div>\n\t\t\t\t\t<\/div>\n\t\t<\/div>\n\t\t\t\t<div class=\"elementor-column elementor-col-33 elementor-inner-column elementor-element elementor-element-705c477\" data-id=\"705c477\" data-element_type=\"column\">\n\t\t\t<div class=\"elementor-widget-wrap elementor-element-populated\">\n\t\t\t\t\t\t<div class=\"elementor-element elementor-element-5962887 elementor-view-default elementor-position-top elementor-mobile-position-top elementor-widget elementor-widget-icon-box\" data-id=\"5962887\" data-element_type=\"widget\" data-widget_type=\"icon-box.default\">\n\t\t\t\t<div class=\"elementor-widget-container\">\n\t\t\t\t\t\t\t<div class=\"elementor-icon-box-wrapper\">\n\n\t\t\t\t\t\t<div class=\"elementor-icon-box-icon\">\n\t\t\t\t<span  class=\"elementor-icon\">\n\t\t\t\t<i aria-hidden=\"true\" class=\"fas fa-music\"><\/i>\t\t\t\t<\/span>\n\t\t\t<\/div>\n\t\t\t\n\t\t\t\t\t\t<div class=\"elementor-icon-box-content\">\n\n\t\t\t\t\n\t\t\t\t\t\t\t\t\t<p class=\"elementor-icon-box-description\">\n\t\t\t\t\t\tQuelles activit\u00e9s ?<br>Pour qui ?\t\t\t\t\t<\/p>\n\t\t\t\t\n\t\t\t<\/div>\n\t\t\t\n\t\t<\/div>\n\t\t\t\t\t\t<\/div>\n\t\t\t\t<\/div>\n\t\t\t\t<div class=\"elementor-element elementor-element-0ec16e2 elementor-align-center elementor-widget elementor-widget-button\" data-id=\"0ec16e2\" data-element_type=\"widget\" data-widget_type=\"button.default\">\n\t\t\t\t<div class=\"elementor-widget-container\">\n\t\t\t\t\t\t\t\t\t<div class=\"elementor-button-wrapper\">\n\t\t\t\t\t<a class=\"elementor-button elementor-button-link elementor-size-sm elementor-animation-shrink\" href=\"http:\/\/maisondelamusiquemarsilly.fr\/?page_id=32\">\n\t\t\t\t\t\t<span class=\"elementor-button-content-wrapper\">\n\t\t\t\t\t\t\t\t\t<span class=\"elementor-button-text\">NOS ACTIVIT\u00c9S<\/span>\n\t\t\t\t\t<\/span>\n\t\t\t\t\t<\/a>\n\t\t\t\t<\/div>\n\t\t\t\t\t\t\t\t<\/div>\n\t\t\t\t<\/div>\n\t\t\t\t\t<\/div>\n\t\t<\/div>\n\t\t\t\t<div class=\"elementor-column elementor-col-33 elementor-inner-column elementor-element elementor-element-e276f26\" data-id=\"e276f26\" data-element_type=\"column\">\n\t\t\t<div class=\"elementor-widget-wrap elementor-element-populated\">\n\t\t\t\t\t\t<div class=\"elementor-element elementor-element-226aea3 elementor-view-default elementor-position-top elementor-mobile-position-top elementor-widget elementor-widget-icon-box\" data-id=\"226aea3\" data-element_type=\"widget\" data-widget_type=\"icon-box.default\">\n\t\t\t\t<div class=\"elementor-widget-container\">\n\t\t\t\t\t\t\t<div class=\"elementor-icon-box-wrapper\">\n\n\t\t\t\t\t\t<div class=\"elementor-icon-box-icon\">\n\t\t\t\t<span  class=\"elementor-icon\">\n\t\t\t\t<i aria-hidden=\"true\" class=\"far fa-user\"><\/i>\t\t\t\t<\/span>\n\t\t\t<\/div>\n\t\t\t\n\t\t\t\t\t\t<div class=\"elementor-icon-box-content\">\n\n\t\t\t\t\n\t\t\t\t\t\t\t\t\t<p class=\"elementor-icon-box-description\">\n\t\t\t\t\t\tPr\u00e9sentation de notre \u00e9quipe<br>p\u00e9dagogique\t\t\t\t\t<\/p>\n\t\t\t\t\n\t\t\t<\/div>\n\t\t\t\n\t\t<\/div>\n\t\t\t\t\t\t<\/div>\n\t\t\t\t<\/div>\n\t\t\t\t<div class=\"elementor-element elementor-element-f23b25e elementor-align-center elementor-widget elementor-widget-button\" data-id=\"f23b25e\" data-element_type=\"widget\" data-widget_type=\"button.default\">\n\t\t\t\t<div class=\"elementor-widget-container\">\n\t\t\t\t\t\t\t\t\t<div class=\"elementor-button-wrapper\">\n\t\t\t\t\t<a class=\"elementor-button elementor-button-link elementor-size-sm elementor-animation-shrink\" href=\"http:\/\/maisondelamusiquemarsilly.fr\/?page_id=29\">\n\t\t\t\t\t\t<span class=\"elementor-button-content-wrapper\">\n\t\t\t\t\t\t\t\t\t<span class=\"elementor-button-text\">NOTRE \u00c9QUIPE<\/span>\n\t\t\t\t\t<\/span>\n\t\t\t\t\t<\/a>\n\t\t\t\t<\/div>\n\t\t\t\t\t\t\t\t<\/div>\n\t\t\t\t<\/div>\n\t\t\t\t\t<\/div>\n\t\t<\/div>\n\t\t\t\t\t<\/div>\n\t\t<\/section>\n\t\t\t\t<div class=\"elementor-element elementor-element-85d63d8 elementor-widget elementor-widget-image\" data-id=\"85d63d8\" data-element_type=\"widget\" data-widget_type=\"image.default\">\n\t\t\t\t<div class=\"elementor-widget-container\">\n\t\t\t\t\t\t\t\t\t\t\t\t\t\t\t<img loading=\"lazy\" decoding=\"async\" width=\"768\" height=\"1075\" src=\"https:\/\/maisondelamusiquemarsilly.fr\/wp-content\/uploads\/2025\/08\/IMG_5284-768x1075.jpg\" class=\"attachment-medium_large size-medium_large wp-image-1285\" alt=\"\" srcset=\"https:\/\/maisondelamusiquemarsilly.fr\/wp-content\/uploads\/2025\/08\/IMG_5284-768x1075.jpg 768w, https:\/\/maisondelamusiquemarsilly.fr\/wp-content\/uploads\/2025\/08\/IMG_5284-214x300.jpg 214w, https:\/\/maisondelamusiquemarsilly.fr\/wp-content\/uploads\/2025\/08\/IMG_5284-732x1024.jpg 732w, https:\/\/maisondelamusiquemarsilly.fr\/wp-content\/uploads\/2025\/08\/IMG_5284.jpg 1076w\" sizes=\"(max-width: 768px) 100vw, 768px\" \/>\t\t\t\t\t\t\t\t\t\t\t\t\t\t\t<\/div>\n\t\t\t\t<\/div>\n\t\t\t\t<div class=\"elementor-element elementor-element-8889b69 elementor-widget elementor-widget-text-editor\" data-id=\"8889b69\" data-element_type=\"widget\" data-widget_type=\"text-editor.default\">\n\t\t\t\t<div class=\"elementor-widget-container\">\n\t\t\t\t\t\t\t\t\t<p><span style=\"text-align: center;\">D\u00e9couvrez toutes les activit\u00e9s de la Maison de la musique Marsilly et de la Mi Nieul Musique pour cette nouvelle saison 2025-2026 en cliquant sur le lien ci-apr\u00e8s:<\/span><\/p>\t\t\t\t\t\t\t\t<\/div>\n\t\t\t\t<\/div>\n\t\t\t\t<div class=\"elementor-element elementor-element-5498530 elementor-align-center elementor-widget elementor-widget-button\" data-id=\"5498530\" data-element_type=\"widget\" data-widget_type=\"button.default\">\n\t\t\t\t<div class=\"elementor-widget-container\">\n\t\t\t\t\t\t\t\t\t<div class=\"elementor-button-wrapper\">\n\t\t\t\t\t<a class=\"elementor-button elementor-button-link elementor-size-sm\" href=\"https:\/\/drive.google.com\/file\/d\/1Sih5z9XQLJHk6uriyjxKBSp5OLBA2Ghm\/view?usp=sharing\">\n\t\t\t\t\t\t<span class=\"elementor-button-content-wrapper\">\n\t\t\t\t\t\t<span class=\"elementor-button-icon\">\n\t\t\t\t<i aria-hidden=\"true\" class=\"far fa-arrow-alt-circle-down\"><\/i>\t\t\t<\/span>\n\t\t\t\t\t\t\t\t\t<span class=\"elementor-button-text\">BROCHURE 2025 \/ 2026<\/span>\n\t\t\t\t\t<\/span>\n\t\t\t\t\t<\/a>\n\t\t\t\t<\/div>\n\t\t\t\t\t\t\t\t<\/div>\n\t\t\t\t<\/div>\n\t\t\t\t\t<\/div>\n\t\t<\/div>\n\t\t\t\t\t<\/div>\n\t\t<\/section>\n\t\t\t\t<section class=\"elementor-section elementor-top-section elementor-element elementor-element-84252f9 elementor-section-boxed elementor-section-height-default elementor-section-height-default wpr-particle-no wpr-jarallax-no wpr-parallax-no wpr-sticky-section-no\" data-id=\"84252f9\" data-element_type=\"section\">\n\t\t\t\t\t\t<div class=\"elementor-container elementor-column-gap-default\">\n\t\t\t\t\t<div class=\"elementor-column elementor-col-100 elementor-top-column elementor-element elementor-element-fc83ca8\" data-id=\"fc83ca8\" data-element_type=\"column\">\n\t\t\t<div class=\"elementor-widget-wrap elementor-element-populated\">\n\t\t\t\t\t\t<div class=\"elementor-element elementor-element-3101875 elementor-widget elementor-widget-image\" data-id=\"3101875\" data-element_type=\"widget\" data-widget_type=\"image.default\">\n\t\t\t\t<div class=\"elementor-widget-container\">\n\t\t\t\t\t\t\t\t\t\t\t\t\t\t\t<img loading=\"lazy\" decoding=\"async\" width=\"1024\" height=\"520\" src=\"https:\/\/maisondelamusiquemarsilly.fr\/wp-content\/uploads\/2020\/08\/Capture-d\u2019e\u0301cran-2020-08-27-a\u0300-08.08.44-1024x520.png\" class=\"attachment-large size-large wp-image-105\" alt=\"\" srcset=\"https:\/\/maisondelamusiquemarsilly.fr\/wp-content\/uploads\/2020\/08\/Capture-d\u2019e\u0301cran-2020-08-27-a\u0300-08.08.44-1024x520.png 1024w, https:\/\/maisondelamusiquemarsilly.fr\/wp-content\/uploads\/2020\/08\/Capture-d\u2019e\u0301cran-2020-08-27-a\u0300-08.08.44-300x152.png 300w, https:\/\/maisondelamusiquemarsilly.fr\/wp-content\/uploads\/2020\/08\/Capture-d\u2019e\u0301cran-2020-08-27-a\u0300-08.08.44-768x390.png 768w, https:\/\/maisondelamusiquemarsilly.fr\/wp-content\/uploads\/2020\/08\/Capture-d\u2019e\u0301cran-2020-08-27-a\u0300-08.08.44.png 1758w\" sizes=\"(max-width: 1024px) 100vw, 1024px\" \/>\t\t\t\t\t\t\t\t\t\t\t\t\t\t\t<\/div>\n\t\t\t\t<\/div>\n\t\t\t\t\t<\/div>\n\t\t<\/div>\n\t\t\t\t\t<\/div>\n\t\t<\/section>\n\t\t\t\t<section class=\"elementor-section elementor-top-section elementor-element elementor-element-67d3dd1 elementor-section-boxed elementor-section-height-default elementor-section-height-default wpr-particle-no wpr-jarallax-no wpr-parallax-no wpr-sticky-section-no\" data-id=\"67d3dd1\" data-element_type=\"section\">\n\t\t\t\t\t\t<div class=\"elementor-container elementor-column-gap-default\">\n\t\t\t\t\t<div class=\"elementor-column elementor-col-100 elementor-top-column elementor-element elementor-element-381a069\" data-id=\"381a069\" data-element_type=\"column\">\n\t\t\t<div class=\"elementor-widget-wrap elementor-element-populated\">\n\t\t\t\t\t\t<div class=\"elementor-element elementor-element-c2e5c53 elementor-widget elementor-widget-heading\" data-id=\"c2e5c53\" data-element_type=\"widget\" data-widget_type=\"heading.default\">\n\t\t\t\t<div class=\"elementor-widget-container\">\n\t\t\t\t\t<h2 class=\"elementor-heading-title elementor-size-default\"><h1 style=\"margin-top: 56px;text-align: center\"><font color=\"#ff6600\"><span>nos partenaires<\/span><\/font><span style=\"color: var( --e-global-color-primary );font-family: var( --e-global-typography-primary-font-family ), Sans-serif;font-size: 3.25rem;font-weight: var( --e-global-typography-primary-font-weight )\"><\/span><span><br><\/span><\/h1><\/h2>\t\t\t\t<\/div>\n\t\t\t\t<\/div>\n\t\t\t\t<div class=\"elementor-element elementor-element-25fa41e elementor-widget elementor-widget-image\" data-id=\"25fa41e\" data-element_type=\"widget\" data-widget_type=\"image.default\">\n\t\t\t\t<div class=\"elementor-widget-container\">\n\t\t\t\t\t\t\t\t\t\t\t\t\t\t\t<img loading=\"lazy\" decoding=\"async\" width=\"768\" height=\"1086\" src=\"https:\/\/maisondelamusiquemarsilly.fr\/wp-content\/uploads\/2025\/08\/Zumba-Danse-Remise-en-Forme-Flyer-1-768x1086.jpg\" class=\"attachment-medium_large size-medium_large wp-image-1289\" alt=\"\" srcset=\"https:\/\/maisondelamusiquemarsilly.fr\/wp-content\/uploads\/2025\/08\/Zumba-Danse-Remise-en-Forme-Flyer-1-768x1086.jpg 768w, https:\/\/maisondelamusiquemarsilly.fr\/wp-content\/uploads\/2025\/08\/Zumba-Danse-Remise-en-Forme-Flyer-1-212x300.jpg 212w, https:\/\/maisondelamusiquemarsilly.fr\/wp-content\/uploads\/2025\/08\/Zumba-Danse-Remise-en-Forme-Flyer-1-724x1024.jpg 724w, https:\/\/maisondelamusiquemarsilly.fr\/wp-content\/uploads\/2025\/08\/Zumba-Danse-Remise-en-Forme-Flyer-1-1086x1536.jpg 1086w, https:\/\/maisondelamusiquemarsilly.fr\/wp-content\/uploads\/2025\/08\/Zumba-Danse-Remise-en-Forme-Flyer-1.jpg 1414w\" sizes=\"(max-width: 768px) 100vw, 768px\" \/>\t\t\t\t\t\t\t\t\t\t\t\t\t\t\t<\/div>\n\t\t\t\t<\/div>\n\t\t\t\t\t<\/div>\n\t\t<\/div>\n\t\t\t\t\t<\/div>\n\t\t<\/section>\n\t\t\t\t<\/div>\n\t\t","protected":false},"excerpt":{"rendered":"<p>BIENVENUE AUX MELOMANES ; PETITS &amp; GRANDS ! LIEU INTERG\u00c9N\u00c9RATIONNEL O\u00d9 R\u00c8GNE LA PASSION POUR LA MUSIQUE. 0% PR\u00c9-REQUIS 100% &hellip; <a href=\"https:\/\/maisondelamusiquemarsilly.fr\/\" class=\"more-link\"><span class=\"more-button\">Continue Reading<span class=\"screen-reader-text\">ACCUEIL<\/span><\/span><\/a><\/p>\n","protected":false},"author":1,"featured_media":0,"parent":0,"menu_order":0,"comment_status":"closed","ping_status":"closed","template":"","meta":{"_monsterinsights_skip_tracking":false,"_monsterinsights_sitenote_active":false,"_monsterinsights_sitenote_note":"","_monsterinsights_sitenote_category":0,"footnotes":""},"class_list":["post-28","page","type-page","status-publish","hentry"],"aioseo_notices":[],"_links":{"self":[{"href":"https:\/\/maisondelamusiquemarsilly.fr\/index.php?rest_route=\/wp\/v2\/pages\/28","targetHints":{"allow":["GET"]}}],"collection":[{"href":"https:\/\/maisondelamusiquemarsilly.fr\/index.php?rest_route=\/wp\/v2\/pages"}],"about":[{"href":"https:\/\/maisondelamusiquemarsilly.fr\/index.php?rest_route=\/wp\/v2\/types\/page"}],"author":[{"embeddable":true,"href":"https:\/\/maisondelamusiquemarsilly.fr\/index.php?rest_route=\/wp\/v2\/users\/1"}],"replies":[{"embeddable":true,"href":"https:\/\/maisondelamusiquemarsilly.fr\/index.php?rest_route=%2Fwp%2Fv2%2Fcomments&post=28"}],"version-history":[{"count":89,"href":"https:\/\/maisondelamusiquemarsilly.fr\/index.php?rest_route=\/wp\/v2\/pages\/28\/revisions"}],"predecessor-version":[{"id":1298,"href":"https:\/\/maisondelamusiquemarsilly.fr\/index.php?rest_route=\/wp\/v2\/pages\/28\/revisions\/1298"}],"wp:attachment":[{"href":"https:\/\/maisondelamusiquemarsilly.fr\/index.php?rest_route=%2Fwp%2Fv2%2Fmedia&parent=28"}],"curies":[{"name":"wp","href":"https:\/\/api.w.org\/{rel}","templated":true}]}}