{"id":37,"date":"2020-08-26T16:50:21","date_gmt":"2020-08-26T14:50:21","guid":{"rendered":"http:\/\/maisondelamusiquemarsilly.fr\/?page_id=37"},"modified":"2025-10-20T20:47:00","modified_gmt":"2025-10-20T18:47:00","slug":"infos-pratiques","status":"publish","type":"page","link":"https:\/\/maisondelamusiquemarsilly.fr\/?page_id=37","title":{"rendered":"Infos pratiques"},"content":{"rendered":"\n<p class=\"has-luminous-vivid-orange-background-color has-background\">NOUS TROUVER ?<\/p>\n\n\n\n<p>Maison de la Musique Marsilly &#8211; Place de l&rsquo;Abbe Gabriel Coll &#8211; 17137 MARSILLY <\/p>\n\n\n\n<p>La Mi Nieul Musique &#8211; Maison des associations &#8211; 8 rue L\u00e9once Vieljeux &#8211; 17137 Nieul-sur-mer<\/p>\n\n\n\n<p class=\"has-luminous-vivid-orange-background-color has-background\">TARIFS<\/p>\n\n\n\n<figure class=\"wp-block-image size-full\"><img fetchpriority=\"high\" decoding=\"async\" width=\"1410\" height=\"1182\" src=\"https:\/\/maisondelamusiquemarsilly.fr\/wp-content\/uploads\/2025\/08\/Tarif-abonnements-cours-2ae5-2026.png\" alt=\"\" class=\"wp-image-1227\" srcset=\"https:\/\/maisondelamusiquemarsilly.fr\/wp-content\/uploads\/2025\/08\/Tarif-abonnements-cours-2ae5-2026.png 1410w, https:\/\/maisondelamusiquemarsilly.fr\/wp-content\/uploads\/2025\/08\/Tarif-abonnements-cours-2ae5-2026-300x251.png 300w, https:\/\/maisondelamusiquemarsilly.fr\/wp-content\/uploads\/2025\/08\/Tarif-abonnements-cours-2ae5-2026-1024x858.png 1024w, https:\/\/maisondelamusiquemarsilly.fr\/wp-content\/uploads\/2025\/08\/Tarif-abonnements-cours-2ae5-2026-768x644.png 768w\" sizes=\"(max-width: 1410px) 100vw, 1410px\" \/><\/figure>\n\n\n\n<figure class=\"wp-block-image size-full\"><img decoding=\"async\" width=\"1410\" height=\"1182\" src=\"https:\/\/maisondelamusiquemarsilly.fr\/wp-content\/uploads\/2025\/08\/Tarifs-Nomade-et-Ateliers-2025-2026.png\" alt=\"\" class=\"wp-image-1228\" srcset=\"https:\/\/maisondelamusiquemarsilly.fr\/wp-content\/uploads\/2025\/08\/Tarifs-Nomade-et-Ateliers-2025-2026.png 1410w, https:\/\/maisondelamusiquemarsilly.fr\/wp-content\/uploads\/2025\/08\/Tarifs-Nomade-et-Ateliers-2025-2026-300x251.png 300w, https:\/\/maisondelamusiquemarsilly.fr\/wp-content\/uploads\/2025\/08\/Tarifs-Nomade-et-Ateliers-2025-2026-1024x858.png 1024w, https:\/\/maisondelamusiquemarsilly.fr\/wp-content\/uploads\/2025\/08\/Tarifs-Nomade-et-Ateliers-2025-2026-768x644.png 768w\" sizes=\"(max-width: 1410px) 100vw, 1410px\" \/><\/figure>\n\n\n\n<p>Possibilit\u00e9 de r\u00e9gler les abonnements en plusieurs fois, jusqu&rsquo;\u00e0 10 mensualit\u00e9s.<\/p>\n\n\n\n<p class=\"has-luminous-vivid-orange-background-color has-background\">INSCRIPTIONS<\/p>\n\n\n\n<p>L\u2019inscription est obligatoire et doit faire l\u2019objet d\u2019un dossier\nd\u2019inscription comprenant&nbsp;:<\/p>\n\n\n\n<ul class=\"wp-block-list\">\n<li>Le formulaire d\u2019inscription d\u00fbment compl\u00e9t\u00e9 (\u00e0 t\u00e9l\u00e9charger ci-dessous)<\/li>\n\n\n\n<li>Le montant des frais d\u2019inscription annuel vers\u00e9 \u00e0 l\u2019association DESIDELA 17 ou l&rsquo;association La Mi Nieul Musique de 30 \u20ac en individuel ou 50 \u20ac en famille \u00e0 partir de deux personnes inscrites d&rsquo;une m\u00eame famille.<\/li>\n\n\n\n<li>Le r\u00e8glement des cours \u00e0 l&rsquo;ann\u00e9e ou au forfait (selon les activit\u00e9s et les professeurs ) \u00e0 l&rsquo;ordre de l&rsquo;association DESIDELA 17 ou La Mi Nieul Musique selon le lieu des cours\/<\/li>\n<\/ul>\n\n\n\n<p>Les utilisateurs ne pourront acc\u00e9der aux activit\u00e9s propos\u00e9es au sein de la Maison de la Musique Marsilly ou La Mi Nieul Musique qu\u2019apr\u00e8s r\u00e9ception du dossier complet. Les anciens \u00e9l\u00e8ves sont prioritaires jusqu&rsquo;aux forums des associations des deux communes le 31 ao\u00fbt 2025 \u00e0 Nieul-sur-Mer et le 6 septembre 2025 \u00e0 Marsilly.<\/p>\n\n\n\n<p>Les frais d\u2019inscriptions annuels sont valables pour une ann\u00e9e scolaire et ne sont ni divisibles, ni remboursables. Cette ann\u00e9e, ce formulaire est commun aux deux structures. <strong>Attention \u00e0 bien cocher la case \u00ab\u00a0Marsilly\u00a0\u00bb ou \u00ab\u00a0Nieul \u00a0\u00bb sur la page 1 et \u00e0 bien mettre l&rsquo;ordre de la bonne association sur vos r\u00e8glements par ch\u00e8que: DESIDELA 17 pour Marsilly, La Mi Nieul Musique pour Nieul-sur-mer.<\/strong><\/p>\n\n\n\n<div data-wp-interactive=\"core\/file\" class=\"wp-block-file\"><object data-wp-bind--hidden=\"!state.hasPdfPreview\" hidden class=\"wp-block-file__embed\" data=\"https:\/\/maisondelamusiquemarsilly.fr\/wp-content\/uploads\/2025\/08\/Formulaire-dinscription-Maison-de-la-musique-Marsilly-Nieul-sur-mer-2025-2026.pdf\" type=\"application\/pdf\" style=\"width:100%;height:600px\" aria-label=\"Contenu embarqu\u00e9 Formulaire d&#039;inscription Maison de la musique Marsilly-Nieul-sur-mer 2025-2026.\"><\/object><a id=\"wp-block-file--media-d99e73a4-fe40-4b8d-826c-75f5b7d3c755\" href=\"https:\/\/maisondelamusiquemarsilly.fr\/wp-content\/uploads\/2025\/08\/Formulaire-dinscription-Maison-de-la-musique-Marsilly-Nieul-sur-mer-2025-2026.pdf\">Formulaire d&rsquo;inscription Maison de la musique Marsilly-Nieul-sur-mer 2025-2026<\/a><a href=\"https:\/\/maisondelamusiquemarsilly.fr\/wp-content\/uploads\/2025\/08\/Formulaire-dinscription-Maison-de-la-musique-Marsilly-Nieul-sur-mer-2025-2026.pdf\" class=\"wp-block-file__button wp-element-button\" download aria-describedby=\"wp-block-file--media-d99e73a4-fe40-4b8d-826c-75f5b7d3c755\">T\u00e9l\u00e9charger<\/a><\/div>\n\n\n\n<div data-wp-interactive=\"core\/file\" class=\"wp-block-file\"><object data-wp-bind--hidden=\"!state.hasPdfPreview\" hidden class=\"wp-block-file__embed\" data=\"https:\/\/maisondelamusiquemarsilly.fr\/wp-content\/uploads\/2025\/08\/Reglement-interieur-2025-2026.pdf\" type=\"application\/pdf\" style=\"width:100%;height:600px\" aria-label=\"Contenu embarqu\u00e9 Reglement interieur 2025-2026.\"><\/object><a id=\"wp-block-file--media-75049e97-b87c-4410-a7a9-1ed0add4c69a\" href=\"https:\/\/maisondelamusiquemarsilly.fr\/wp-content\/uploads\/2025\/08\/Reglement-interieur-2025-2026.pdf\">Reglement interieur 2025-2026<\/a><a href=\"https:\/\/maisondelamusiquemarsilly.fr\/wp-content\/uploads\/2025\/08\/Reglement-interieur-2025-2026.pdf\" class=\"wp-block-file__button wp-element-button\" download aria-describedby=\"wp-block-file--media-75049e97-b87c-4410-a7a9-1ed0add4c69a\">T\u00e9l\u00e9charger<\/a><\/div>\n\n\n\n<p class=\"has-luminous-vivid-orange-background-color has-background\">RESERVATION DES COURS<\/p>\n\n\n\n<figure class=\"wp-block-image size-large\"><img decoding=\"async\" width=\"1024\" height=\"655\" src=\"https:\/\/maisondelamusiquemarsilly.fr\/wp-content\/uploads\/2025\/10\/Planning-Maison-de-la-musique-marsilly-2025-2026-1024x655.jpg\" alt=\"\" class=\"wp-image-1323\" srcset=\"https:\/\/maisondelamusiquemarsilly.fr\/wp-content\/uploads\/2025\/10\/Planning-Maison-de-la-musique-marsilly-2025-2026-1024x655.jpg 1024w, https:\/\/maisondelamusiquemarsilly.fr\/wp-content\/uploads\/2025\/10\/Planning-Maison-de-la-musique-marsilly-2025-2026-300x192.jpg 300w, https:\/\/maisondelamusiquemarsilly.fr\/wp-content\/uploads\/2025\/10\/Planning-Maison-de-la-musique-marsilly-2025-2026-768x491.jpg 768w, https:\/\/maisondelamusiquemarsilly.fr\/wp-content\/uploads\/2025\/10\/Planning-Maison-de-la-musique-marsilly-2025-2026.jpg 1438w\" sizes=\"(max-width: 1024px) 100vw, 1024px\" \/><\/figure>\n\n\n\n<figure class=\"wp-block-image size-large\"><img loading=\"lazy\" decoding=\"async\" width=\"1024\" height=\"527\" src=\"https:\/\/maisondelamusiquemarsilly.fr\/wp-content\/uploads\/2025\/09\/Planning-La-Mi-Nieul-Musique-2025-2026-1024x527.jpg\" alt=\"\" class=\"wp-image-1307\" srcset=\"https:\/\/maisondelamusiquemarsilly.fr\/wp-content\/uploads\/2025\/09\/Planning-La-Mi-Nieul-Musique-2025-2026-1024x527.jpg 1024w, https:\/\/maisondelamusiquemarsilly.fr\/wp-content\/uploads\/2025\/09\/Planning-La-Mi-Nieul-Musique-2025-2026-300x154.jpg 300w, https:\/\/maisondelamusiquemarsilly.fr\/wp-content\/uploads\/2025\/09\/Planning-La-Mi-Nieul-Musique-2025-2026-768x395.jpg 768w, https:\/\/maisondelamusiquemarsilly.fr\/wp-content\/uploads\/2025\/09\/Planning-La-Mi-Nieul-Musique-2025-2026.jpg 1396w\" sizes=\"(max-width: 1024px) 100vw, 1024px\" \/><\/figure>\n\n\n\n<div data-wp-interactive=\"core\/file\" class=\"wp-block-file\"><object data-wp-bind--hidden=\"!state.hasPdfPreview\" hidden class=\"wp-block-file__embed\" data=\"https:\/\/maisondelamusiquemarsilly.fr\/wp-content\/uploads\/2025\/10\/Planning-Maison-de-la-musique-marsilly-2025-2026.png.pdf\" type=\"application\/pdf\" style=\"width:100%;height:600px\" aria-label=\"Contenu embarqu\u00e9 Planning Maison de la musique marsilly 2025-2026.png.\"><\/object><a id=\"wp-block-file--media-84aacb1c-683d-4b46-8aa5-cded39bafdc5\" href=\"https:\/\/maisondelamusiquemarsilly.fr\/wp-content\/uploads\/2025\/10\/Planning-Maison-de-la-musique-marsilly-2025-2026.png.pdf\">Planning Maison de la musique marsilly 2025-2026.png<\/a><a href=\"https:\/\/maisondelamusiquemarsilly.fr\/wp-content\/uploads\/2025\/10\/Planning-Maison-de-la-musique-marsilly-2025-2026.png.pdf\" class=\"wp-block-file__button wp-element-button\" download aria-describedby=\"wp-block-file--media-84aacb1c-683d-4b46-8aa5-cded39bafdc5\">T\u00e9l\u00e9charger<\/a><\/div>\n\n\n\n<div data-wp-interactive=\"core\/file\" class=\"wp-block-file\"><object data-wp-bind--hidden=\"!state.hasPdfPreview\" hidden class=\"wp-block-file__embed\" data=\"https:\/\/maisondelamusiquemarsilly.fr\/wp-content\/uploads\/2025\/09\/Planning-La-Mi-Nieul-Musique-2025-2026.pdf\" type=\"application\/pdf\" style=\"width:100%;height:600px\" aria-label=\"Contenu embarqu\u00e9 Planning La Mi Nieul Musique 2025-2026.\"><\/object><a id=\"wp-block-file--media-156b7c90-17a1-4856-a84b-49676e6dc3ad\" href=\"https:\/\/maisondelamusiquemarsilly.fr\/wp-content\/uploads\/2025\/09\/Planning-La-Mi-Nieul-Musique-2025-2026.pdf\">Planning La Mi Nieul Musique 2025-2026<\/a><a href=\"https:\/\/maisondelamusiquemarsilly.fr\/wp-content\/uploads\/2025\/09\/Planning-La-Mi-Nieul-Musique-2025-2026.pdf\" class=\"wp-block-file__button wp-element-button\" download aria-describedby=\"wp-block-file--media-156b7c90-17a1-4856-a84b-49676e6dc3ad\">T\u00e9l\u00e9charger<\/a><\/div>\n\n\n\n<p>&#8211;<\/p>\n","protected":false},"excerpt":{"rendered":"<p>NOUS TROUVER ? Maison de la Musique Marsilly &#8211; Place de l&rsquo;Abbe Gabriel Coll &#8211; 17137 MARSILLY La Mi Nieul &hellip; <a href=\"https:\/\/maisondelamusiquemarsilly.fr\/?page_id=37\" class=\"more-link\"><span class=\"more-button\">Continue Reading<span class=\"screen-reader-text\">Infos pratiques<\/span><\/span><\/a><\/p>\n","protected":false},"author":1,"featured_media":0,"parent":0,"menu_order":0,"comment_status":"closed","ping_status":"closed","template":"","meta":{"_monsterinsights_skip_tracking":false,"_monsterinsights_sitenote_active":false,"_monsterinsights_sitenote_note":"","_monsterinsights_sitenote_category":0,"footnotes":""},"class_list":["post-37","page","type-page","status-publish","hentry"],"aioseo_notices":[],"_links":{"self":[{"href":"https:\/\/maisondelamusiquemarsilly.fr\/index.php?rest_route=\/wp\/v2\/pages\/37","targetHints":{"allow":["GET"]}}],"collection":[{"href":"https:\/\/maisondelamusiquemarsilly.fr\/index.php?rest_route=\/wp\/v2\/pages"}],"about":[{"href":"https:\/\/maisondelamusiquemarsilly.fr\/index.php?rest_route=\/wp\/v2\/types\/page"}],"author":[{"embeddable":true,"href":"https:\/\/maisondelamusiquemarsilly.fr\/index.php?rest_route=\/wp\/v2\/users\/1"}],"replies":[{"embeddable":true,"href":"https:\/\/maisondelamusiquemarsilly.fr\/index.php?rest_route=%2Fwp%2Fv2%2Fcomments&post=37"}],"version-history":[{"count":47,"href":"https:\/\/maisondelamusiquemarsilly.fr\/index.php?rest_route=\/wp\/v2\/pages\/37\/revisions"}],"predecessor-version":[{"id":1326,"href":"https:\/\/maisondelamusiquemarsilly.fr\/index.php?rest_route=\/wp\/v2\/pages\/37\/revisions\/1326"}],"wp:attachment":[{"href":"https:\/\/maisondelamusiquemarsilly.fr\/index.php?rest_route=%2Fwp%2Fv2%2Fmedia&parent=37"}],"curies":[{"name":"wp","href":"https:\/\/api.w.org\/{rel}","templated":true}]}}