{"id":595,"date":"2022-08-06T16:12:36","date_gmt":"2022-08-06T14:12:36","guid":{"rendered":"http:\/\/maisondelamusiquemarsilly.fr\/?page_id=595"},"modified":"2023-09-02T08:43:56","modified_gmt":"2023-09-02T06:43:56","slug":"ted-baril","status":"publish","type":"page","link":"https:\/\/maisondelamusiquemarsilly.fr\/?page_id=595","title":{"rendered":"TED BARIL"},"content":{"rendered":"\n<p>Nouveau professeur de guitare, guitare \u00e9lectrique, basse, Ukul\u00e9l\u00e9. Page en cours de modification.<\/p>\n","protected":false},"excerpt":{"rendered":"<p>Nouveau professeur de guitare, guitare \u00e9lectrique, basse, Ukul\u00e9l\u00e9. Page en cours de modification.<\/p>\n","protected":false},"author":1,"featured_media":0,"parent":0,"menu_order":0,"comment_status":"closed","ping_status":"closed","template":"","meta":{"_monsterinsights_skip_tracking":false,"_monsterinsights_sitenote_active":false,"_monsterinsights_sitenote_note":"","_monsterinsights_sitenote_category":0,"footnotes":""},"class_list":["post-595","page","type-page","status-publish","hentry"],"aioseo_notices":[],"_links":{"self":[{"href":"https:\/\/maisondelamusiquemarsilly.fr\/index.php?rest_route=\/wp\/v2\/pages\/595","targetHints":{"allow":["GET"]}}],"collection":[{"href":"https:\/\/maisondelamusiquemarsilly.fr\/index.php?rest_route=\/wp\/v2\/pages"}],"about":[{"href":"https:\/\/maisondelamusiquemarsilly.fr\/index.php?rest_route=\/wp\/v2\/types\/page"}],"author":[{"embeddable":true,"href":"https:\/\/maisondelamusiquemarsilly.fr\/index.php?rest_route=\/wp\/v2\/users\/1"}],"replies":[{"embeddable":true,"href":"https:\/\/maisondelamusiquemarsilly.fr\/index.php?rest_route=%2Fwp%2Fv2%2Fcomments&post=595"}],"version-history":[{"count":6,"href":"https:\/\/maisondelamusiquemarsilly.fr\/index.php?rest_route=\/wp\/v2\/pages\/595\/revisions"}],"predecessor-version":[{"id":829,"href":"https:\/\/maisondelamusiquemarsilly.fr\/index.php?rest_route=\/wp\/v2\/pages\/595\/revisions\/829"}],"wp:attachment":[{"href":"https:\/\/maisondelamusiquemarsilly.fr\/index.php?rest_route=%2Fwp%2Fv2%2Fmedia&parent=595"}],"curies":[{"name":"wp","href":"https:\/\/api.w.org\/{rel}","templated":true}]}}