{"id":626,"date":"2022-08-16T19:06:32","date_gmt":"2022-08-16T17:06:32","guid":{"rendered":"http:\/\/maisondelamusiquemarsilly.fr\/?page_id=626"},"modified":"2023-08-24T18:40:24","modified_gmt":"2023-08-24T16:40:24","slug":"romain-magneron","status":"publish","type":"page","link":"https:\/\/maisondelamusiquemarsilly.fr\/?page_id=626","title":{"rendered":"ROMAIN MAGNERON"},"content":{"rendered":"\n<p>\u00ab\u00a0Passionn\u00e9 de musique \u00e0 son adolescence, Romain commence la batterie en 2004, les ann\u00e9es passent, la passion continue, en 2010 apr\u00e8s l&rsquo;obtention de son dipl\u00f4me (avec mention) au MAI de Nancy, il oscille entre l&rsquo;enseignement de la batterie et les tourn\u00e9e avec le groupe Diego Pallavas (Punk rock -Epinal) pour 80 dates en deux ans puis revient sur La Rochelle (sa ville natale) afin de continuer d&rsquo;enseigner. \u00a0\u00bb&nbsp; &nbsp;<\/p>\n","protected":false},"excerpt":{"rendered":"<p>\u00ab\u00a0Passionn\u00e9 de musique \u00e0 son adolescence, Romain commence la batterie en 2004, les ann\u00e9es passent, la passion continue, en 2010 &hellip; <a href=\"https:\/\/maisondelamusiquemarsilly.fr\/?page_id=626\" class=\"more-link\"><span class=\"more-button\">Continue Reading<span class=\"screen-reader-text\">ROMAIN MAGNERON<\/span><\/span><\/a><\/p>\n","protected":false},"author":1,"featured_media":0,"parent":0,"menu_order":0,"comment_status":"closed","ping_status":"closed","template":"","meta":{"_monsterinsights_skip_tracking":false,"_monsterinsights_sitenote_active":false,"_monsterinsights_sitenote_note":"","_monsterinsights_sitenote_category":0,"footnotes":""},"class_list":["post-626","page","type-page","status-publish","hentry"],"aioseo_notices":[],"_links":{"self":[{"href":"https:\/\/maisondelamusiquemarsilly.fr\/index.php?rest_route=\/wp\/v2\/pages\/626","targetHints":{"allow":["GET"]}}],"collection":[{"href":"https:\/\/maisondelamusiquemarsilly.fr\/index.php?rest_route=\/wp\/v2\/pages"}],"about":[{"href":"https:\/\/maisondelamusiquemarsilly.fr\/index.php?rest_route=\/wp\/v2\/types\/page"}],"author":[{"embeddable":true,"href":"https:\/\/maisondelamusiquemarsilly.fr\/index.php?rest_route=\/wp\/v2\/users\/1"}],"replies":[{"embeddable":true,"href":"https:\/\/maisondelamusiquemarsilly.fr\/index.php?rest_route=%2Fwp%2Fv2%2Fcomments&post=626"}],"version-history":[{"count":2,"href":"https:\/\/maisondelamusiquemarsilly.fr\/index.php?rest_route=\/wp\/v2\/pages\/626\/revisions"}],"predecessor-version":[{"id":638,"href":"https:\/\/maisondelamusiquemarsilly.fr\/index.php?rest_route=\/wp\/v2\/pages\/626\/revisions\/638"}],"wp:attachment":[{"href":"https:\/\/maisondelamusiquemarsilly.fr\/index.php?rest_route=%2Fwp%2Fv2%2Fmedia&parent=626"}],"curies":[{"name":"wp","href":"https:\/\/api.w.org\/{rel}","templated":true}]}}