{"id":778,"date":"2023-08-21T16:47:18","date_gmt":"2023-08-21T14:47:18","guid":{"rendered":"http:\/\/maisondelamusiquemarsilly.fr\/?page_id=778"},"modified":"2024-09-05T09:18:37","modified_gmt":"2024-09-05T07:18:37","slug":"caroline-gonin","status":"publish","type":"page","link":"https:\/\/maisondelamusiquemarsilly.fr\/?page_id=778","title":{"rendered":"CAROLINE GONIN"},"content":{"rendered":"\n<p>Apr\u00e8s avoir obtenu un DEM au CRR d&rsquo;Avignon en 2001, et avoir poursuivi son cursus musical dans la classe de Sophie Dufeutrelle au CRR de Villeurbanne, Caroline Gonin obtient en 2005 son Dipl\u00f4me d&rsquo;Etat au CESMD de Poitiers sous la direction de Drake Mabry.<br>\u00a0Professeur de fl\u00fbte traversi\u00e8re au Conservatoire de Cognac depuis 2007, et heureuse de promouvoir la fl\u00fbte dans ses diverses esth\u00e9tiques, elle poursuit sa formation professionnelle dans diff\u00e9rentes Acad\u00e9mies Musicales, notamment avec Fr\u00e9d\u00e9ric Chatoux, Samuel Coles, Philippe Lesgourgues, le Trio d&rsquo;Argent\u2026<\/p>\n\n\n\n<p><br>Membre depuis 2014 du groupe instrumental \u00ab l\u2019Oreille en l\u2019Air \u00bb constitu\u00e9 de 3 fl\u00fbtistes, et jouant ponctuellement dans les diverses manifestations musicales de la Charente, notamment dans l\u2019orchestre du \u00ab\u00a0Val de Saintonge\u00a0\u00bb sous la direction de Francis Gardr\u00e9, dans le \u00ab Festival d\u2019Automne \u00bb \u00e0 La Rochelle, dans la programmation \u00ab C\u2019est d\u2019Accord \u00bb du CRD de La Rochelle, les harmonies du Pays d\u2019Aunis.. caroline Gonin s\u2019attache \u00e0 privil\u00e9gier la d\u00e9couverte d\u2019oeuvres peu connues, et la transmission de beaut\u00e9s musicales \u00e0 d\u00e9couvrir ou \u00e0 red\u00e9couvrir.<\/p>\n\n\n\n<p><\/p>\n","protected":false},"excerpt":{"rendered":"<p>Apr\u00e8s avoir obtenu un DEM au CRR d&rsquo;Avignon en 2001, et avoir poursuivi son cursus musical dans la classe de &hellip; <a href=\"https:\/\/maisondelamusiquemarsilly.fr\/?page_id=778\" class=\"more-link\"><span class=\"more-button\">Continue Reading<span class=\"screen-reader-text\">CAROLINE GONIN<\/span><\/span><\/a><\/p>\n","protected":false},"author":1,"featured_media":0,"parent":0,"menu_order":0,"comment_status":"closed","ping_status":"closed","template":"","meta":{"_monsterinsights_skip_tracking":false,"_monsterinsights_sitenote_active":false,"_monsterinsights_sitenote_note":"","_monsterinsights_sitenote_category":0,"footnotes":""},"class_list":["post-778","page","type-page","status-publish","hentry"],"aioseo_notices":[],"_links":{"self":[{"href":"https:\/\/maisondelamusiquemarsilly.fr\/index.php?rest_route=\/wp\/v2\/pages\/778","targetHints":{"allow":["GET"]}}],"collection":[{"href":"https:\/\/maisondelamusiquemarsilly.fr\/index.php?rest_route=\/wp\/v2\/pages"}],"about":[{"href":"https:\/\/maisondelamusiquemarsilly.fr\/index.php?rest_route=\/wp\/v2\/types\/page"}],"author":[{"embeddable":true,"href":"https:\/\/maisondelamusiquemarsilly.fr\/index.php?rest_route=\/wp\/v2\/users\/1"}],"replies":[{"embeddable":true,"href":"https:\/\/maisondelamusiquemarsilly.fr\/index.php?rest_route=%2Fwp%2Fv2%2Fcomments&post=778"}],"version-history":[{"count":7,"href":"https:\/\/maisondelamusiquemarsilly.fr\/index.php?rest_route=\/wp\/v2\/pages\/778\/revisions"}],"predecessor-version":[{"id":1054,"href":"https:\/\/maisondelamusiquemarsilly.fr\/index.php?rest_route=\/wp\/v2\/pages\/778\/revisions\/1054"}],"wp:attachment":[{"href":"https:\/\/maisondelamusiquemarsilly.fr\/index.php?rest_route=%2Fwp%2Fv2%2Fmedia&parent=778"}],"curies":[{"name":"wp","href":"https:\/\/api.w.org\/{rel}","templated":true}]}}